{"id":413,"date":"2025-05-28T12:34:31","date_gmt":"2025-05-28T10:34:31","guid":{"rendered":"https:\/\/bambino-pedago.fr\/?page_id=413"},"modified":"2025-06-06T08:43:59","modified_gmt":"2025-06-06T06:43:59","slug":"mentions-legales","status":"publish","type":"page","link":"https:\/\/bambino-pedago.fr\/index.php\/mentions-legales\/","title":{"rendered":"Mentions l\u00e9gales"},"content":{"rendered":"<h2>PRESENTATION DU SITE<\/h2>\n<p dir=\"ltr\">En vertu de l\u2019article 6 de la loi n\u00b0 2004-575 du 21 juin 2004 pour la confiance dans l\u2019\u00e9conomie num\u00e9rique, il est pr\u00e9cis\u00e9 aux utilisateurs du site : https:\/\/bambino-pedago.fr, l\u2019identit\u00e9 des diff\u00e9rents intervenants dans le cadre de sa r\u00e9alisation et de son suivi.<\/p>\n<p dir=\"ltr\">Propri\u00e9taire : etcompagnie<br \/>\nAgence ind\u00e9pendante \u2013 Capital de 50 000 euros \u2013 Cr\u00e9ation : 1998<br \/>\nN\u00b0 SIRET : 42120355500030<br \/>\nSi\u00e8ge Social : 24 Avenue Joann\u00e8s Masset \u2013 69009 LYON<br \/>\nTel : 04 74 71 12 12<\/p>\n<p dir=\"ltr\">H\u00e9bergeur : OVH<\/p>\n<p dir=\"ltr\">Conception, r\u00e9alisation et mise \u00e0 jour du site etcompagnie<\/p>\n<p dir=\"ltr\">Responsable de la Publication : M. Denis MILLET<\/p>\n<h2>PROPRI\u00c9T\u00c9 INTELLECTUELLE ET CONTREFA\u00c7ONS<\/h2>\n<p dir=\"ltr\">Etcompagnie est propri\u00e9taire des droits de propri\u00e9t\u00e9 intellectuelle ou d\u00e9tient les droits d\u2019usage sur tous les \u00e9l\u00e9ments accessibles sur le site, notamment les textes, images, graphismes, logo, ic\u00f4nes, sons.<\/p>\n<p dir=\"ltr\">Toute reproduction, repr\u00e9sentation, modification, publication, adaptation de tout ou partie des \u00e9l\u00e9ments du site, quel que soit le moyen ou le proc\u00e9d\u00e9 utilis\u00e9, est interdite, sauf autorisation \u00e9crite pr\u00e9alable de etcompagnie.<\/p>\n<p dir=\"ltr\">Toute exploitation non autoris\u00e9e du site ou de l\u2019un quelconque des \u00e9l\u00e9ments qu\u2019il contient sera consid\u00e9r\u00e9e comme constitutive d\u2019une contrefa\u00e7on et poursuivie conform\u00e9ment aux dispositions des articles L.335-2 et suivants du Code de Propri\u00e9t\u00e9 Intellectuelle.<\/p>\n<h2>GESTION DES DONNEES PERSONNELLES<\/h2>\n<p dir=\"ltr\">En France, les donn\u00e9es personnelles sont notamment prot\u00e9g\u00e9es par la loi n\u00b0 78-87 du 6 janvier 1978, la loi n\u00b0 2004-801 du 6 ao\u00fbt 2004, l\u2019article L. 226-13 du Code p\u00e9nal et la Directive Europ\u00e9enne du 24 octobre 1995.<\/p>\n<p dir=\"ltr\">Voici noter politique de confidentialit\u00e9 : <a href=\"https:\/\/bambino-pedago.fr\/index.php\/politique-de-confidentialite\/\">ICI<\/a><\/p>\n<h2>LIENS HYPERTEXTES ET COOKIES<\/h2>\n<p dir=\"ltr\">Le site https:\/\/bambino-pedago.fr\u00a0contient un certain nombre de liens hypertextes vers d\u2019autres sites, mis en place avec l\u2019autorisation de etcompagnie. Cependant, etcompagnie n\u2019a pas la possibilit\u00e9 de v\u00e9rifier le contenu des sites ainsi visit\u00e9s, et n\u2019assumera en cons\u00e9quence aucune responsabilit\u00e9 de ce fait.<\/p>\n<p dir=\"ltr\">La navigation sur le site https:\/\/bambino-pedago.fr\u00a0est susceptible de provoquer l\u2019installation de cookie(s) sur l\u2019ordinateur de l\u2019utilisateur. Un cookie est un fichier de petite taille, qui ne permet pas l\u2019identification de l\u2019utilisateur, mais qui enregistre des informations relatives \u00e0 la navigation d\u2019un ordinateur sur un site. Les donn\u00e9es ainsi obtenues visent \u00e0 faciliter la navigation ult\u00e9rieure sur le site, et ont \u00e9galement vocation \u00e0 permettre diverses mesures de fr\u00e9quentation.<\/p>\n","protected":false},"excerpt":{"rendered":"<p>PRESENTATION DU SITE En vertu de l\u2019article 6 de la loi n\u00b0 2004-575 du 21 juin 2004 pour la confiance dans l\u2019\u00e9conomie num\u00e9rique, il est pr\u00e9cis\u00e9 aux utilisateurs du site : https:\/\/bambino-pedago.fr, l\u2019identit\u00e9 des diff\u00e9rents intervenants dans le cadre de sa r\u00e9alisation et de son suivi. Propri\u00e9taire : etcompagnie Agence ind\u00e9pendante \u2013 Capital de 50 [&hellip;]<\/p>\n","protected":false},"author":1,"featured_media":0,"parent":0,"menu_order":0,"comment_status":"closed","ping_status":"closed","template":"","meta":{"footnotes":""},"class_list":["post-413","page","type-page","status-publish","hentry"],"yoast_head":"<!-- This site is optimized with the Yoast SEO plugin v25.3.1 - https:\/\/yoast.com\/wordpress\/plugins\/seo\/ -->\n<title>Mentions l\u00e9gales - Bambino<\/title>\n<meta name=\"robots\" content=\"index, follow, max-snippet:-1, max-image-preview:large, max-video-preview:-1\" \/>\n<link rel=\"canonical\" href=\"https:\/\/bambino-pedago.fr\/index.php\/mentions-legales\/\" \/>\n<meta property=\"og:locale\" content=\"fr_FR\" \/>\n<meta property=\"og:type\" content=\"article\" \/>\n<meta property=\"og:title\" content=\"Mentions l\u00e9gales - Bambino\" \/>\n<meta property=\"og:description\" content=\"PRESENTATION DU SITE En vertu de l\u2019article 6 de la loi n\u00b0 2004-575 du 21 juin 2004 pour la confiance dans l\u2019\u00e9conomie num\u00e9rique, il est pr\u00e9cis\u00e9 aux utilisateurs du site : https:\/\/bambino-pedago.fr, l\u2019identit\u00e9 des diff\u00e9rents intervenants dans le cadre de sa r\u00e9alisation et de son suivi. Propri\u00e9taire : etcompagnie Agence ind\u00e9pendante \u2013 Capital de 50 [&hellip;]\" \/>\n<meta property=\"og:url\" content=\"https:\/\/bambino-pedago.fr\/index.php\/mentions-legales\/\" \/>\n<meta property=\"og:site_name\" content=\"Bambino\" \/>\n<meta property=\"article:modified_time\" content=\"2025-06-06T06:43:59+00:00\" \/>\n<meta name=\"twitter:card\" content=\"summary_large_image\" \/>\n<meta name=\"twitter:label1\" content=\"Dur\u00e9e de lecture estim\u00e9e\" \/>\n\t<meta name=\"twitter:data1\" content=\"2 minutes\" \/>\n<script type=\"application\/ld+json\" class=\"yoast-schema-graph\">{\"@context\":\"https:\/\/schema.org\",\"@graph\":[{\"@type\":\"WebPage\",\"@id\":\"https:\/\/bambino-pedago.fr\/index.php\/mentions-legales\/\",\"url\":\"https:\/\/bambino-pedago.fr\/index.php\/mentions-legales\/\",\"name\":\"Mentions l\u00e9gales - Bambino\",\"isPartOf\":{\"@id\":\"https:\/\/bambino-pedago.fr\/#website\"},\"datePublished\":\"2025-05-28T10:34:31+00:00\",\"dateModified\":\"2025-06-06T06:43:59+00:00\",\"breadcrumb\":{\"@id\":\"https:\/\/bambino-pedago.fr\/index.php\/mentions-legales\/#breadcrumb\"},\"inLanguage\":\"fr-FR\",\"potentialAction\":[{\"@type\":\"ReadAction\",\"target\":[\"https:\/\/bambino-pedago.fr\/index.php\/mentions-legales\/\"]}]},{\"@type\":\"BreadcrumbList\",\"@id\":\"https:\/\/bambino-pedago.fr\/index.php\/mentions-legales\/#breadcrumb\",\"itemListElement\":[{\"@type\":\"ListItem\",\"position\":1,\"name\":\"Accueil\",\"item\":\"https:\/\/bambino-pedago.fr\/\"},{\"@type\":\"ListItem\",\"position\":2,\"name\":\"Mentions l\u00e9gales\"}]},{\"@type\":\"WebSite\",\"@id\":\"https:\/\/bambino-pedago.fr\/#website\",\"url\":\"https:\/\/bambino-pedago.fr\/\",\"name\":\"Bambino, la communication qui parle aux enfants\",\"description\":\"La communication qui parle aux enfants\",\"publisher\":{\"@id\":\"https:\/\/bambino-pedago.fr\/#organization\"},\"potentialAction\":[{\"@type\":\"SearchAction\",\"target\":{\"@type\":\"EntryPoint\",\"urlTemplate\":\"https:\/\/bambino-pedago.fr\/?s={search_term_string}\"},\"query-input\":{\"@type\":\"PropertyValueSpecification\",\"valueRequired\":true,\"valueName\":\"search_term_string\"}}],\"inLanguage\":\"fr-FR\"},{\"@type\":\"Organization\",\"@id\":\"https:\/\/bambino-pedago.fr\/#organization\",\"name\":\"Bambino\",\"url\":\"https:\/\/bambino-pedago.fr\/\",\"logo\":{\"@type\":\"ImageObject\",\"inLanguage\":\"fr-FR\",\"@id\":\"https:\/\/bambino-pedago.fr\/#\/schema\/logo\/image\/\",\"url\":\"https:\/\/bambino-pedago.fr\/wp-content\/uploads\/2025\/05\/cropped-icone-bambino.png\",\"contentUrl\":\"https:\/\/bambino-pedago.fr\/wp-content\/uploads\/2025\/05\/cropped-icone-bambino.png\",\"width\":512,\"height\":512,\"caption\":\"Bambino\"},\"image\":{\"@id\":\"https:\/\/bambino-pedago.fr\/#\/schema\/logo\/image\/\"}}]}<\/script>\n<!-- \/ Yoast SEO plugin. -->","yoast_head_json":{"title":"Mentions l\u00e9gales - Bambino","robots":{"index":"index","follow":"follow","max-snippet":"max-snippet:-1","max-image-preview":"max-image-preview:large","max-video-preview":"max-video-preview:-1"},"canonical":"https:\/\/bambino-pedago.fr\/index.php\/mentions-legales\/","og_locale":"fr_FR","og_type":"article","og_title":"Mentions l\u00e9gales - Bambino","og_description":"PRESENTATION DU SITE En vertu de l\u2019article 6 de la loi n\u00b0 2004-575 du 21 juin 2004 pour la confiance dans l\u2019\u00e9conomie num\u00e9rique, il est pr\u00e9cis\u00e9 aux utilisateurs du site : https:\/\/bambino-pedago.fr, l\u2019identit\u00e9 des diff\u00e9rents intervenants dans le cadre de sa r\u00e9alisation et de son suivi. Propri\u00e9taire : etcompagnie Agence ind\u00e9pendante \u2013 Capital de 50 [&hellip;]","og_url":"https:\/\/bambino-pedago.fr\/index.php\/mentions-legales\/","og_site_name":"Bambino","article_modified_time":"2025-06-06T06:43:59+00:00","twitter_card":"summary_large_image","twitter_misc":{"Dur\u00e9e de lecture estim\u00e9e":"2 minutes"},"schema":{"@context":"https:\/\/schema.org","@graph":[{"@type":"WebPage","@id":"https:\/\/bambino-pedago.fr\/index.php\/mentions-legales\/","url":"https:\/\/bambino-pedago.fr\/index.php\/mentions-legales\/","name":"Mentions l\u00e9gales - Bambino","isPartOf":{"@id":"https:\/\/bambino-pedago.fr\/#website"},"datePublished":"2025-05-28T10:34:31+00:00","dateModified":"2025-06-06T06:43:59+00:00","breadcrumb":{"@id":"https:\/\/bambino-pedago.fr\/index.php\/mentions-legales\/#breadcrumb"},"inLanguage":"fr-FR","potentialAction":[{"@type":"ReadAction","target":["https:\/\/bambino-pedago.fr\/index.php\/mentions-legales\/"]}]},{"@type":"BreadcrumbList","@id":"https:\/\/bambino-pedago.fr\/index.php\/mentions-legales\/#breadcrumb","itemListElement":[{"@type":"ListItem","position":1,"name":"Accueil","item":"https:\/\/bambino-pedago.fr\/"},{"@type":"ListItem","position":2,"name":"Mentions l\u00e9gales"}]},{"@type":"WebSite","@id":"https:\/\/bambino-pedago.fr\/#website","url":"https:\/\/bambino-pedago.fr\/","name":"Bambino, la communication qui parle aux enfants","description":"La communication qui parle aux enfants","publisher":{"@id":"https:\/\/bambino-pedago.fr\/#organization"},"potentialAction":[{"@type":"SearchAction","target":{"@type":"EntryPoint","urlTemplate":"https:\/\/bambino-pedago.fr\/?s={search_term_string}"},"query-input":{"@type":"PropertyValueSpecification","valueRequired":true,"valueName":"search_term_string"}}],"inLanguage":"fr-FR"},{"@type":"Organization","@id":"https:\/\/bambino-pedago.fr\/#organization","name":"Bambino","url":"https:\/\/bambino-pedago.fr\/","logo":{"@type":"ImageObject","inLanguage":"fr-FR","@id":"https:\/\/bambino-pedago.fr\/#\/schema\/logo\/image\/","url":"https:\/\/bambino-pedago.fr\/wp-content\/uploads\/2025\/05\/cropped-icone-bambino.png","contentUrl":"https:\/\/bambino-pedago.fr\/wp-content\/uploads\/2025\/05\/cropped-icone-bambino.png","width":512,"height":512,"caption":"Bambino"},"image":{"@id":"https:\/\/bambino-pedago.fr\/#\/schema\/logo\/image\/"}}]}},"_links":{"self":[{"href":"https:\/\/bambino-pedago.fr\/index.php\/wp-json\/wp\/v2\/pages\/413","targetHints":{"allow":["GET"]}}],"collection":[{"href":"https:\/\/bambino-pedago.fr\/index.php\/wp-json\/wp\/v2\/pages"}],"about":[{"href":"https:\/\/bambino-pedago.fr\/index.php\/wp-json\/wp\/v2\/types\/page"}],"author":[{"embeddable":true,"href":"https:\/\/bambino-pedago.fr\/index.php\/wp-json\/wp\/v2\/users\/1"}],"replies":[{"embeddable":true,"href":"https:\/\/bambino-pedago.fr\/index.php\/wp-json\/wp\/v2\/comments?post=413"}],"version-history":[{"count":4,"href":"https:\/\/bambino-pedago.fr\/index.php\/wp-json\/wp\/v2\/pages\/413\/revisions"}],"predecessor-version":[{"id":463,"href":"https:\/\/bambino-pedago.fr\/index.php\/wp-json\/wp\/v2\/pages\/413\/revisions\/463"}],"wp:attachment":[{"href":"https:\/\/bambino-pedago.fr\/index.php\/wp-json\/wp\/v2\/media?parent=413"}],"curies":[{"name":"wp","href":"https:\/\/api.w.org\/{rel}","templated":true}]}}