{"id":304,"date":"2025-05-23T17:53:51","date_gmt":"2025-05-23T15:53:51","guid":{"rendered":"http:\/\/bambino-pedago.fr\/?page_id=304"},"modified":"2025-11-06T15:27:29","modified_gmt":"2025-11-06T14:27:29","slug":"profil-acteur-tourisme","status":"publish","type":"page","link":"https:\/\/bambino-pedago.fr\/index.php\/profil-acteur-tourisme\/","title":{"rendered":"Vous accueillez des enfants"},"content":{"rendered":"<div class=\"wpb-content-wrapper\"><p>[vc_row parallax=\u00a0\u00bbcontent-moving\u00a0\u00bb parallax_speed_bg=\u00a0\u00bb\u00a0\u00bb nt_revity_bg_position=\u00a0\u00bbcenter top\u00a0\u00bb el_id=\u00a0\u00bbhome\u00a0\u00bb overlaybg=\u00a0\u00bb#00000000&Prime;][vc_column][vc_single_image image=\u00a0\u00bb367&Prime; img_size=\u00a0\u00bb447&#215;246&Prime; alignment=\u00a0\u00bbcenter\u00a0\u00bb onclick=\u00a0\u00bbcustom_link\u00a0\u00bb css=\u00a0\u00bb.vc_custom_1748427464440{margin-bottom: 0px !important;padding-top: 50px !important;}\u00a0\u00bb link=\u00a0\u00bbhttps:\/\/bambino-pedago.fr\/\u00a0\u00bb][\/vc_column][\/vc_row][vc_row nt_revity_bg_position=\u00a0\u00bbleft center\u00a0\u00bb overlaybg=\u00a0\u00bb#00000000&Prime; css=\u00a0\u00bb.vc_custom_1748262977963{padding-top: 120px !important;padding-bottom: 1px !important;background-color: #F46F3B !important;}\u00a0\u00bb][vc_column width=\u00a0\u00bb1\/6&Prime; css=\u00a0\u00bb.vc_custom_1748256185541{padding-left: 100px !important;}\u00a0\u00bb][\/vc_column][vc_column width=\u00a0\u00bb4\/6&Prime;][vc_column_text css=\u00a0\u00bb\u00a0\u00bb]<\/p>\n<h1 style=\"text-align: left; color: #fff; font-size: 60px;\">Quel est l&rsquo;int\u00e9r\u00eat<br \/>\nde communiquer<br \/>\naupr\u00e8s des enfants ?<\/h1>\n<p style=\"text-align: left; color: #fff; font-size: 22px;\">Pour les enfants, chaque jour est une nouvelle d\u00e9couverte, l\u2019occasion de mieux comprendre le monde qui les entoure.<\/p>\n<p style=\"text-align: left; color: #fff; font-size: 22px;\">Chez Bambino, nous facilitons cet apprentissage en cr\u00e9ant un langage-jeu adapt\u00e9 \u00e0 chaque \u00e2ge, pour aborder tous les sujets avec des yeux d\u2019enfant.<\/p>\n<p>[\/vc_column_text][\/vc_column][vc_column width=\u00a0\u00bb1\/6&Prime;][\/vc_column][\/vc_row][vc_row gap=\u00a0\u00bb20&Prime; nt_revity_bg_position=\u00a0\u00bbleft center\u00a0\u00bb overlaybg=\u00a0\u00bb#00000000&Prime; css=\u00a0\u00bb.vc_custom_1748262281944{padding-bottom: 120px !important;background-color: #F46F3B !important;}\u00a0\u00bb][vc_column width=\u00a0\u00bb1\/6&Prime; css=\u00a0\u00bb.vc_custom_1748256185541{padding-left: 100px !important;}\u00a0\u00bb][\/vc_column][vc_column width=\u00a0\u00bb2\/6&Prime;][vc_btn title=\u00a0\u00bbPourquoi communiquer aupr\u00e8s des enfants de vos salari\u00e9s ?\u00a0\u00bb style=\u00a0\u00bboutline\u00a0\u00bb shape=\u00a0\u00bbround\u00a0\u00bb color=\u00a0\u00bbwhite\u00a0\u00bb align=\u00a0\u00bbleft\u00a0\u00bb css=\u00a0\u00bb\u00a0\u00bb link=\u00a0\u00bburl:http%3A%2F%2Fbambino-pedago.fr%2Findex.php%2Fprofil-entreprise%2F%23entreprise\u00a0\u00bb][\/vc_column][vc_column width=\u00a0\u00bb2\/6&Prime;][vc_btn title=\u00a0\u00bbPourquoi communiquer aupr\u00e8s des enfants que vous accueillez ?\u00a0\u00bb style=\u00a0\u00bboutline\u00a0\u00bb shape=\u00a0\u00bbround\u00a0\u00bb color=\u00a0\u00bbwhite\u00a0\u00bb align=\u00a0\u00bbleft\u00a0\u00bb css=\u00a0\u00bb\u00a0\u00bb link=\u00a0\u00bburl:http%3A%2F%2Fbambino-pedago.fr%2Findex.php%2Fprofil-acteur-tourisme%2F%23tourisme\u00a0\u00bb][\/vc_column][vc_column width=\u00a0\u00bb1\/6&Prime;][\/vc_column][\/vc_row][vc_row el_id=\u00a0\u00bbtourisme\u00a0\u00bb css=\u00a0\u00bb.vc_custom_1748015628579{margin-top: 20px !important;}\u00a0\u00bb][vc_column][\/vc_column][\/vc_row][vc_row css=\u00a0\u00bb.vc_custom_1749191962902{margin-top: 90px !important;margin-bottom: 30px !important;}\u00a0\u00bb][vc_column]<section class=\"heading-section\"><div class=\"container\"><div class=\"heading-wrap\"><h2>Pourquoi prendre la parole <span class=\"text-primary\">aupr\u00e8s des enfants ?<\/span> <\/h2><hr class=\"divider\"><p style=\" font-size:22px;\"><\/p><\/div><\/div><\/section>[\/vc_column][\/vc_row][vc_row nt_revity_container_display=\u00a0\u00bbtrue\u00a0\u00bb css=\u00a0\u00bb.vc_custom_1748262826573{margin-bottom: 0px !important;}\u00a0\u00bb][vc_column][vc_row_inner gap=\u00a0\u00bb30&Prime;][vc_column_inner width=\u00a0\u00bb1\/5&Prime;][vc_single_image image=\u00a0\u00bb198&Prime; img_size=\u00a0\u00bb60&#215;60&Prime; alignment=\u00a0\u00bbcenter\u00a0\u00bb css=\u00a0\u00bb.vc_custom_1748337532789{margin-bottom: 0px !important;}\u00a0\u00bb][vc_column_text css=\u00a0\u00bb.vc_custom_1749191976938{margin-top: 0px !important;padding-top: 0px !important;}\u00a0\u00bb]<strong>Pour pr\u00e9senter vos sites<\/strong>[\/vc_column_text][\/vc_column_inner][vc_column_inner width=\u00a0\u00bb1\/5&Prime;][vc_single_image image=\u00a0\u00bb198&Prime; img_size=\u00a0\u00bb60&#215;60&Prime; alignment=\u00a0\u00bbcenter\u00a0\u00bb css=\u00a0\u00bb.vc_custom_1748337556485{margin-bottom: 0px !important;}\u00a0\u00bb][vc_column_text css=\u00a0\u00bb\u00a0\u00bb]<strong>Pour explorer et d\u00e9couvrir en s\u2019amusant<\/strong>[\/vc_column_text][\/vc_column_inner][vc_column_inner width=\u00a0\u00bb1\/5&Prime;][vc_single_image image=\u00a0\u00bb198&Prime; img_size=\u00a0\u00bb60&#215;60&Prime; alignment=\u00a0\u00bbcenter\u00a0\u00bb css=\u00a0\u00bb.vc_custom_1748337568244{margin-bottom: 0px !important;}\u00a0\u00bb][vc_column_text css=\u00a0\u00bb\u00a0\u00bb]<strong>Pour rappeler les r\u00e8gles de s\u00e9curit\u00e9 et le vivre ensemble<\/strong>[\/vc_column_text][\/vc_column_inner][vc_column_inner width=\u00a0\u00bb1\/5&Prime;][vc_single_image image=\u00a0\u00bb198&Prime; img_size=\u00a0\u00bb60&#215;60&Prime; alignment=\u00a0\u00bbcenter\u00a0\u00bb css=\u00a0\u00bb.vc_custom_1748337580224{margin-bottom: 0px !important;}\u00a0\u00bb][vc_column_text css=\u00a0\u00bb\u00a0\u00bb]<strong>Pour valoriser la diversit\u00e9 de vos destinations<\/strong>[\/vc_column_text][\/vc_column_inner][vc_column_inner width=\u00a0\u00bb1\/5&Prime;][vc_single_image image=\u00a0\u00bb198&Prime; img_size=\u00a0\u00bb60&#215;60&Prime; alignment=\u00a0\u00bbcenter\u00a0\u00bb css=\u00a0\u00bb.vc_custom_1748337590943{margin-bottom: 0px !important;}\u00a0\u00bb][vc_column_text css=\u00a0\u00bb\u00a0\u00bb]<strong>Pour sensibiliser \u00e0 l\u2019environnement<br \/>\n<\/strong>(tri, \u00e9cogestes, respect de la nature)[\/vc_column_text][\/vc_column_inner][\/vc_row_inner][\/vc_column][\/vc_row][vc_row nt_revity_container_display=\u00a0\u00bbtrue\u00a0\u00bb gap=\u00a0\u00bb30&Prime;][vc_column][vc_btn title=\u00a0\u00bbComment communiquer aupr\u00e8s des enfants ?\u00a0\u00bb style=\u00a0\u00bboutline\u00a0\u00bb shape=\u00a0\u00bbround\u00a0\u00bb color=\u00a0\u00bbwhite\u00a0\u00bb align=\u00a0\u00bbcenter\u00a0\u00bb css_animation=\u00a0\u00bbfadeInDown\u00a0\u00bb css=\u00a0\u00bb.vc_custom_1748262807614{margin-top: 0px !important;}\u00a0\u00bb link=\u00a0\u00bburl:http%3A%2F%2Fbambino-pedago.fr%2F%23comment\u00a0\u00bb][\/vc_column][\/vc_row]<\/p>\n<\/div>","protected":false},"excerpt":{"rendered":"<p>[vc_row parallax=\u00a0\u00bbcontent-moving\u00a0\u00bb parallax_speed_bg=\u00a0\u00bb\u00a0\u00bb nt_revity_bg_position=\u00a0\u00bbcenter top\u00a0\u00bb el_id=\u00a0\u00bbhome\u00a0\u00bb overlaybg=\u00a0\u00bb#00000000&Prime;][vc_column][vc_single_image image=\u00a0\u00bb367&Prime; img_size=\u00a0\u00bb447&#215;246&Prime; alignment=\u00a0\u00bbcenter\u00a0\u00bb onclick=\u00a0\u00bbcustom_link\u00a0\u00bb css=\u00a0\u00bb.vc_custom_1748427464440{margin-bottom: 0px !important;padding-top: 50px !important;}\u00a0\u00bb link=\u00a0\u00bbhttps:\/\/bambino-pedago.fr\/\u00a0\u00bb][\/vc_column][\/vc_row][vc_row nt_revity_bg_position=\u00a0\u00bbleft center\u00a0\u00bb overlaybg=\u00a0\u00bb#00000000&Prime; css=\u00a0\u00bb.vc_custom_1748262977963{padding-top: 120px !important;padding-bottom: 1px !important;background-color: #F46F3B !important;}\u00a0\u00bb][vc_column width=\u00a0\u00bb1\/6&Prime; css=\u00a0\u00bb.vc_custom_1748256185541{padding-left: 100px !important;}\u00a0\u00bb][\/vc_column][vc_column width=\u00a0\u00bb4\/6&Prime;][vc_column_text css=\u00a0\u00bb\u00a0\u00bb] Quel est l&rsquo;int\u00e9r\u00eat de communiquer aupr\u00e8s des enfants ? Pour les enfants, chaque jour est une nouvelle d\u00e9couverte, l\u2019occasion de mieux comprendre [&hellip;]<\/p>\n","protected":false},"author":1,"featured_media":0,"parent":0,"menu_order":0,"comment_status":"open","ping_status":"closed","template":"one-page-template.php","meta":{"footnotes":""},"class_list":["post-304","page","type-page","status-publish","hentry"],"yoast_head":"<!-- This site is optimized with the Yoast SEO plugin v25.3.1 - https:\/\/yoast.com\/wordpress\/plugins\/seo\/ -->\n<title>Vous accueillez des enfants<\/title>\n<meta name=\"description\" content=\"Communiquez aupr\u00e8s des enfants pour sensibiliser, explorer, pr\u00e9senter, rappeler des r\u00e8gles, ...\" \/>\n<meta name=\"robots\" content=\"index, follow, max-snippet:-1, max-image-preview:large, max-video-preview:-1\" \/>\n<link rel=\"canonical\" href=\"https:\/\/bambino-pedago.fr\/index.php\/profil-acteur-tourisme\/\" \/>\n<meta property=\"og:locale\" content=\"fr_FR\" \/>\n<meta property=\"og:type\" content=\"article\" \/>\n<meta property=\"og:title\" content=\"Vous accueillez des enfants\" \/>\n<meta property=\"og:description\" content=\"Communiquez aupr\u00e8s des enfants pour sensibiliser, explorer, pr\u00e9senter, rappeler des r\u00e8gles, ...\" \/>\n<meta property=\"og:url\" content=\"https:\/\/bambino-pedago.fr\/index.php\/profil-acteur-tourisme\/\" \/>\n<meta property=\"og:site_name\" content=\"Bambino\" \/>\n<meta property=\"article:modified_time\" content=\"2025-11-06T14:27:29+00:00\" \/>\n<meta name=\"twitter:card\" content=\"summary_large_image\" \/>\n<meta name=\"twitter:label1\" content=\"Dur\u00e9e de lecture estim\u00e9e\" \/>\n\t<meta name=\"twitter:data1\" content=\"2 minutes\" \/>\n<script type=\"application\/ld+json\" class=\"yoast-schema-graph\">{\"@context\":\"https:\/\/schema.org\",\"@graph\":[{\"@type\":\"WebPage\",\"@id\":\"https:\/\/bambino-pedago.fr\/index.php\/profil-acteur-tourisme\/\",\"url\":\"https:\/\/bambino-pedago.fr\/index.php\/profil-acteur-tourisme\/\",\"name\":\"Vous accueillez des enfants\",\"isPartOf\":{\"@id\":\"https:\/\/bambino-pedago.fr\/#website\"},\"datePublished\":\"2025-05-23T15:53:51+00:00\",\"dateModified\":\"2025-11-06T14:27:29+00:00\",\"description\":\"Communiquez aupr\u00e8s des enfants pour sensibiliser, explorer, pr\u00e9senter, rappeler des r\u00e8gles, ...\",\"breadcrumb\":{\"@id\":\"https:\/\/bambino-pedago.fr\/index.php\/profil-acteur-tourisme\/#breadcrumb\"},\"inLanguage\":\"fr-FR\",\"potentialAction\":[{\"@type\":\"ReadAction\",\"target\":[\"https:\/\/bambino-pedago.fr\/index.php\/profil-acteur-tourisme\/\"]}]},{\"@type\":\"BreadcrumbList\",\"@id\":\"https:\/\/bambino-pedago.fr\/index.php\/profil-acteur-tourisme\/#breadcrumb\",\"itemListElement\":[{\"@type\":\"ListItem\",\"position\":1,\"name\":\"Accueil\",\"item\":\"https:\/\/bambino-pedago.fr\/\"},{\"@type\":\"ListItem\",\"position\":2,\"name\":\"Vous accueillez des enfants\"}]},{\"@type\":\"WebSite\",\"@id\":\"https:\/\/bambino-pedago.fr\/#website\",\"url\":\"https:\/\/bambino-pedago.fr\/\",\"name\":\"Bambino, la communication qui parle aux enfants\",\"description\":\"La communication qui parle aux enfants\",\"publisher\":{\"@id\":\"https:\/\/bambino-pedago.fr\/#organization\"},\"potentialAction\":[{\"@type\":\"SearchAction\",\"target\":{\"@type\":\"EntryPoint\",\"urlTemplate\":\"https:\/\/bambino-pedago.fr\/?s={search_term_string}\"},\"query-input\":{\"@type\":\"PropertyValueSpecification\",\"valueRequired\":true,\"valueName\":\"search_term_string\"}}],\"inLanguage\":\"fr-FR\"},{\"@type\":\"Organization\",\"@id\":\"https:\/\/bambino-pedago.fr\/#organization\",\"name\":\"Bambino\",\"url\":\"https:\/\/bambino-pedago.fr\/\",\"logo\":{\"@type\":\"ImageObject\",\"inLanguage\":\"fr-FR\",\"@id\":\"https:\/\/bambino-pedago.fr\/#\/schema\/logo\/image\/\",\"url\":\"https:\/\/bambino-pedago.fr\/wp-content\/uploads\/2025\/05\/cropped-icone-bambino.png\",\"contentUrl\":\"https:\/\/bambino-pedago.fr\/wp-content\/uploads\/2025\/05\/cropped-icone-bambino.png\",\"width\":512,\"height\":512,\"caption\":\"Bambino\"},\"image\":{\"@id\":\"https:\/\/bambino-pedago.fr\/#\/schema\/logo\/image\/\"}}]}<\/script>\n<!-- \/ Yoast SEO plugin. -->","yoast_head_json":{"title":"Vous accueillez des enfants","description":"Communiquez aupr\u00e8s des enfants pour sensibiliser, explorer, pr\u00e9senter, rappeler des r\u00e8gles, ...","robots":{"index":"index","follow":"follow","max-snippet":"max-snippet:-1","max-image-preview":"max-image-preview:large","max-video-preview":"max-video-preview:-1"},"canonical":"https:\/\/bambino-pedago.fr\/index.php\/profil-acteur-tourisme\/","og_locale":"fr_FR","og_type":"article","og_title":"Vous accueillez des enfants","og_description":"Communiquez aupr\u00e8s des enfants pour sensibiliser, explorer, pr\u00e9senter, rappeler des r\u00e8gles, ...","og_url":"https:\/\/bambino-pedago.fr\/index.php\/profil-acteur-tourisme\/","og_site_name":"Bambino","article_modified_time":"2025-11-06T14:27:29+00:00","twitter_card":"summary_large_image","twitter_misc":{"Dur\u00e9e de lecture estim\u00e9e":"2 minutes"},"schema":{"@context":"https:\/\/schema.org","@graph":[{"@type":"WebPage","@id":"https:\/\/bambino-pedago.fr\/index.php\/profil-acteur-tourisme\/","url":"https:\/\/bambino-pedago.fr\/index.php\/profil-acteur-tourisme\/","name":"Vous accueillez des enfants","isPartOf":{"@id":"https:\/\/bambino-pedago.fr\/#website"},"datePublished":"2025-05-23T15:53:51+00:00","dateModified":"2025-11-06T14:27:29+00:00","description":"Communiquez aupr\u00e8s des enfants pour sensibiliser, explorer, pr\u00e9senter, rappeler des r\u00e8gles, ...","breadcrumb":{"@id":"https:\/\/bambino-pedago.fr\/index.php\/profil-acteur-tourisme\/#breadcrumb"},"inLanguage":"fr-FR","potentialAction":[{"@type":"ReadAction","target":["https:\/\/bambino-pedago.fr\/index.php\/profil-acteur-tourisme\/"]}]},{"@type":"BreadcrumbList","@id":"https:\/\/bambino-pedago.fr\/index.php\/profil-acteur-tourisme\/#breadcrumb","itemListElement":[{"@type":"ListItem","position":1,"name":"Accueil","item":"https:\/\/bambino-pedago.fr\/"},{"@type":"ListItem","position":2,"name":"Vous accueillez des enfants"}]},{"@type":"WebSite","@id":"https:\/\/bambino-pedago.fr\/#website","url":"https:\/\/bambino-pedago.fr\/","name":"Bambino, la communication qui parle aux enfants","description":"La communication qui parle aux enfants","publisher":{"@id":"https:\/\/bambino-pedago.fr\/#organization"},"potentialAction":[{"@type":"SearchAction","target":{"@type":"EntryPoint","urlTemplate":"https:\/\/bambino-pedago.fr\/?s={search_term_string}"},"query-input":{"@type":"PropertyValueSpecification","valueRequired":true,"valueName":"search_term_string"}}],"inLanguage":"fr-FR"},{"@type":"Organization","@id":"https:\/\/bambino-pedago.fr\/#organization","name":"Bambino","url":"https:\/\/bambino-pedago.fr\/","logo":{"@type":"ImageObject","inLanguage":"fr-FR","@id":"https:\/\/bambino-pedago.fr\/#\/schema\/logo\/image\/","url":"https:\/\/bambino-pedago.fr\/wp-content\/uploads\/2025\/05\/cropped-icone-bambino.png","contentUrl":"https:\/\/bambino-pedago.fr\/wp-content\/uploads\/2025\/05\/cropped-icone-bambino.png","width":512,"height":512,"caption":"Bambino"},"image":{"@id":"https:\/\/bambino-pedago.fr\/#\/schema\/logo\/image\/"}}]}},"_links":{"self":[{"href":"https:\/\/bambino-pedago.fr\/index.php\/wp-json\/wp\/v2\/pages\/304","targetHints":{"allow":["GET"]}}],"collection":[{"href":"https:\/\/bambino-pedago.fr\/index.php\/wp-json\/wp\/v2\/pages"}],"about":[{"href":"https:\/\/bambino-pedago.fr\/index.php\/wp-json\/wp\/v2\/types\/page"}],"author":[{"embeddable":true,"href":"https:\/\/bambino-pedago.fr\/index.php\/wp-json\/wp\/v2\/users\/1"}],"replies":[{"embeddable":true,"href":"https:\/\/bambino-pedago.fr\/index.php\/wp-json\/wp\/v2\/comments?post=304"}],"version-history":[{"count":16,"href":"https:\/\/bambino-pedago.fr\/index.php\/wp-json\/wp\/v2\/pages\/304\/revisions"}],"predecessor-version":[{"id":624,"href":"https:\/\/bambino-pedago.fr\/index.php\/wp-json\/wp\/v2\/pages\/304\/revisions\/624"}],"wp:attachment":[{"href":"https:\/\/bambino-pedago.fr\/index.php\/wp-json\/wp\/v2\/media?parent=304"}],"curies":[{"name":"wp","href":"https:\/\/api.w.org\/{rel}","templated":true}]}}