{"id":3,"date":"2025-05-12T10:31:31","date_gmt":"2025-05-12T08:31:31","guid":{"rendered":"http:\/\/bambino-pedago.fr\/?page_id=3"},"modified":"2025-05-28T12:49:35","modified_gmt":"2025-05-28T10:49:35","slug":"politique-de-confidentialite","status":"publish","type":"page","link":"https:\/\/bambino-pedago.fr\/index.php\/politique-de-confidentialite\/","title":{"rendered":"Politique de confidentialit\u00e9"},"content":{"rendered":"<p dir=\"ltr\">La politique de confidentialit\u00e9 a pour objectif de vous pr\u00e9senter la fa\u00e7on dont et compagnie utilise, g\u00e8re et prot\u00e8ge les informations personnelles que vous avez pu transmettre \u00e0 l\u2019entreprise dans le cadre de l\u2019utilisation de son site Internet : https:\/\/bambino-pedago.fr. Cette politique de confidentialit\u00e9 est bas\u00e9e sur les obligations de l\u2019\u00e9diteur du site Internet, telles que d\u00e9finies par le R\u00e8glement G\u00e9n\u00e9ral sur la Protection des Donn\u00e9es (RGPD), pour tout ce qui concerne le consentement \u00e0 la collecte des donn\u00e9es personnelles, la protection et la s\u00e9curit\u00e9 des donn\u00e9es personnelles, le respect de vos droits en mati\u00e8re d\u2019acc\u00e8s, de rectification, de traitement, de portabilit\u00e9 et de suppression de vos donn\u00e9es.<\/p>\n<p dir=\"ltr\">La politique de confidentialit\u00e9 d\u2019et compagnie pourra \u00eatre modifi\u00e9e en fonction d\u2019\u00e9ventuels changements dans les cadres l\u00e9gislatifs (RGPD), r\u00e9glementaires et jurisprudentiels qui d\u00e9terminent son \u00e9volution et sa mise en application.<\/p>\n<h2>1\u00b0 La collecte des donn\u00e9es personnelles<\/h2>\n<p dir=\"ltr\">Il est tout \u00e0 fait possible de naviguer sur le site https:\/\/bambino-pedago.fr sans divulguer vos informations personnelles \u00e0 l\u2019\u00e9diteur du site Internet, avec les limites que cela impose en mati\u00e8re d\u2019acc\u00e8s \u00e0 une partie des informations et des services propos\u00e9s.<\/p>\n<p dir=\"ltr\">La fourniture d\u2019informations personnelles (nom et pr\u00e9nom, nom de la soci\u00e9t\u00e9, fonction dans l\u2019entreprise, adresse e-mail, num\u00e9ro de ligne t\u00e9l\u00e9phonique professionnelle\u2026) \u00e0 et compagnie est une obligation si vous souhaitez recevoir un devis, prendre contact ou demander des informations.<\/p>\n<p dir=\"ltr\">Vous acceptez donc le principe de leur collecte aux fins d\u00e9crites dans les formulaires ainsi que dans le paragraphe \u00ab Les finalit\u00e9s du traitement des donn\u00e9es \u00bb. L\u2019\u00e9diteur collecte \u00e9galement des donn\u00e9es \u00e0 caract\u00e8re personnel via le d\u00e9ploiement de fichiers de connexion, dans le respect de la l\u00e9gislation en vigueur concernant l\u2019utilisation des cookies.<\/p>\n<h2>2\u00b0 La s\u00e9curisation des donn\u00e9es personnelles<\/h2>\n<p dir=\"ltr\">et compagnie met en \u0153uvre toute une vari\u00e9t\u00e9 de mesures de s\u00e9curit\u00e9 pour pr\u00e9server la s\u00e9curit\u00e9 de vos informations personnelles :<\/p>\n<ul>\n<li>utilisation d\u2019un cryptage \u00e0 la pointe de la technologie pour prot\u00e9ger vos donn\u00e9es personnelles transmises en ligne,<\/li>\n<li>utilisation d\u2019ordinateurs et de serveurs dans un environnement s\u00e9curis\u00e9 pour stocker et traiter vos donn\u00e9es,<\/li>\n<li>acc\u00e8s restreint aux informations personnelles pour les employ\u00e9s ayant besoin d\u2019effectuer un travail sp\u00e9cifique (facturation\u2026).<\/li>\n<\/ul>\n<h2>3\u00b0 Le traitement des donn\u00e9es personnelles<\/h2>\n<p dir=\"ltr\"><strong>et compagnie a une politique tr\u00e8s stricte de traitement des donn\u00e9es personnelles consistant \u00e0 ne jamais les c\u00e9der, les pr\u00eater, les louer ou les revendre \u00e0 des organisations tierces.<\/strong><\/p>\n<p dir=\"ltr\">Tous les traitements de vos donn\u00e9es \u00e0 caract\u00e8re personnel collect\u00e9es sur le site Internet https:\/\/bambino-pedago.fr sont directement r\u00e9alis\u00e9s par les membres de l\u2019\u00e9quipe d\u2019et compagnie habilit\u00e9s \u00e0 cet effet.<\/p>\n<p dir=\"ltr\">Vous acceptez donc le principe du traitement de vos informations personnelles aux fins d\u00e9crites dans les formulaires de contact, de cr\u00e9ation\/gestion de compte ainsi que dans le paragraphe ci-dessous afin que nous comprenions aux mieux vos besoins en mati\u00e8res de services.<\/p>\n<h2>4\u00b0 Les finalit\u00e9s du traitement des donn\u00e9es<\/h2>\n<p dir=\"ltr\">et compagnie r\u00e9alise des traitements manuels ou automatis\u00e9s de vos donn\u00e9es personnelles en fonction de finalit\u00e9s pr\u00e9cises :<\/p>\n<ul>\n<li>Les donn\u00e9es collect\u00e9es via les formulaires de saisie d\u2019informations sur le site Internet (prise de contact, demande de devis, recrutement) sont utilis\u00e9es pour envoyer des devis, cr\u00e9er ou d\u00e9velopper une relation commerciale, recruter des stagiaires et\/ou des salari\u00e9s.<\/li>\n<li>Les donn\u00e9es collect\u00e9es lors de la lecture de vid\u00e9os post\u00e9es sur des plateformes sp\u00e9cialis\u00e9es sont n\u00e9cessaires pour pouvoir acc\u00e9der \u00e0 ces sites tiers et en ex\u00e9cuter les demandes.<\/li>\n<li>Les donn\u00e9es collect\u00e9es lors de l\u2019utilisation des boutons d\u2019acc\u00e8s aux r\u00e9seaux sociaux sont n\u00e9cessaires pour pouvoir ex\u00e9cuter les demandes de ces sites tiers.<\/li>\n<\/ul>\n<h2>5\u00b0 Le recueil du consentement \u00e0 la collecte des donn\u00e9es<\/h2>\n<p dir=\"ltr\">Pour tous les types de collectes de donn\u00e9es personnelles via son site Internet, et compagnie utilise des dispositifs permettant de recevoir votre consentement de mani\u00e8re explicite :<\/p>\n<ul>\n<li>pour l\u2019acceptation de la collecte de donn\u00e9es lors du remplissage des formulaires de contact,<\/li>\n<li>pour l\u2019acceptation des cookies lors de l\u2019affichage du bandeau d\u2019avertissement<\/li>\n<\/ul>\n<p dir=\"ltr\">et compagnie sauvegarde les recueils de consentement \u00e0 la collecte des donn\u00e9es personnelles afin de pouvoir les mettre \u00e0 disposition de la CNIL et de tout autre organisme de contr\u00f4le sur simple demande.<\/p>\n<h2>6\u00b0 La dur\u00e9e de conservation des donn\u00e9es personnelles<\/h2>\n<p dir=\"ltr\">]La dur\u00e9e de conservation de vos donn\u00e9es personnelles varie en fonction de leur nature et de la technologie utilis\u00e9e pour leur collecte :<\/p>\n<ul>\n<li>pour toutes vos donn\u00e9es personnelles collect\u00e9es par cookies la dur\u00e9e de conservation est de 13 mois au maximum,<\/li>\n<li>pour toutes vos donn\u00e9es collect\u00e9es par un formulaire la dur\u00e9e de conservation ne saurait exc\u00e9der 36 mois.<\/li>\n<\/ul>\n<h2>7\u00b0 Le transfert des donn\u00e9es personnelles<\/h2>\n<p dir=\"ltr\">et compagnie n\u2019effectue pas de transfert de vos donn\u00e9es personnelles vers des pays tiers, qu\u2019ils soient situ\u00e9s \u00e0 l\u2019int\u00e9rieur ou \u00e0 l\u2019ext\u00e9rieur de l\u2019Union Europ\u00e9enne.<\/p>\n<h2>8\u00b0 Les prestataires habilit\u00e9s<\/h2>\n<p dir=\"ltr\">et compagnie utilise les services de prestataires habilit\u00e9s pour faciliter le traitement des donn\u00e9es personnelles que vous utilisez sur le site Internet.<\/p>\n<h2>9\u00b0 L\u2019exercice des droits des internautes<\/h2>\n<p dir=\"ltr\">Conform\u00e9ment au R\u00e8glement G\u00e9n\u00e9ral sur la Protection des Donn\u00e9es adopt\u00e9 par le Parlement europ\u00e9en le 14 avril 2016, et \u00e0 la Loi Informatique et Libert\u00e9s du 6 janvier 1978 modifi\u00e9e, vous b\u00e9n\u00e9ficiez d\u2019un ensemble de droits relatifs \u00e0 vos donn\u00e9es personnelles.<\/p>\n<p dir=\"ltr\">Vous pouvez exercer ces droits en vous adressant directement \u00e0 l\u2019\u00e9diteur du site Internet :<\/p>\n<ul>\n<li>par courrier : et compagnie \u2013 24 avenue Joann\u00e8s Masset \u2013 B\u00e2timent 3<br \/>\n69009 Lyon<\/li>\n<li>par t\u00e9l\u00e9phone : 06 12 96 28 59<\/li>\n<li>par e-mail : catherine@commedesentrepreneuses.fr<\/li>\n<\/ul>\n<h3>9.1\u00b0 Le droit d\u2019acc\u00e8s aux donn\u00e9es<\/h3>\n<p dir=\"ltr\">Dans le cadre l\u00e9gal d\u00e9fini par la RGPD, vous pouvez \u00e0 tout moment effectuer une demande \u00e9crite de communication de vos donn\u00e9es personnelles.<\/p>\n<p dir=\"ltr\">Pour ce faire vous pouvez utiliser le mod\u00e8le de courrier cr\u00e9\u00e9 par la Commission Nationale de l\u2019Informatique et des Libert\u00e9s : https:\/\/www.cnil.fr\/fr\/modele\/courrier\/exercer-son-droit-dacces.<\/p>\n<h3>9.2\u00b0 Le droit de rectification des donn\u00e9es<\/h3>\n<p dir=\"ltr\">La l\u00e9gislation relative aux donn\u00e9es personnelles vous permet de demander la modification ou la rectification d\u2019informations incompl\u00e8tes, inexactes ou p\u00e9rim\u00e9es relatives \u00e0 vous m\u00eame ou \u00e0 une personne proche d\u00e9c\u00e9d\u00e9e.<\/p>\n<p dir=\"ltr\">Pour ce faire vous pouvez utiliser le mod\u00e8le de courrier r\u00e9alis\u00e9 par la Commission Nationale de l\u2019Informatique et des Libert\u00e9s : https:\/\/www.cnil.fr\/fr\/modele\/courrier\/rectifier-des-donnees-inexactes-obsoletes-ou-perimees.<\/p>\n<h3>9.3\u00b0 Le droit d\u2019opposition pour motif l\u00e9gitime<\/h3>\n<p dir=\"ltr\">Dans le cadre l\u00e9gislatif d\u00e9fini par la RGPD vous pouvez \u00e0 tout moment vous opposer au traitement de vos donn\u00e9es personnelles pour les motifs suivants :<\/p>\n<ul>\n<li>opposition \u00e0 l\u2019utilisation des donn\u00e9es collect\u00e9es dans le cadre d\u2019op\u00e9rations de prospection commerciale,<\/li>\n<li>opposition fond\u00e9e sur des motifs l\u00e9gitimes.<\/li>\n<\/ul>\n<p dir=\"ltr\">Pour ce faire vous pouvez utiliser le mod\u00e8le de courrier r\u00e9dig\u00e9 par la Commission Nationale de l\u2019Informatique et des Libert\u00e9s : https:\/\/www.cnil.fr\/fr\/modele\/courrier\/sopposer-lutilisation-commerciale-de-ses-coordonnees.<\/p>\n<h3>9.4\u00b0 Le droit \u00e0 la portabilit\u00e9 des donn\u00e9es<\/h3>\n<p dir=\"ltr\">Dans le cadre l\u00e9gislatif d\u00e9fini par la RGPD vous pouvez \u00e0 tous moment demander \u00e0 r\u00e9cup\u00e9rer vos donn\u00e9es personnelles dans un format ouvert et lisible par machine, afin de les stocker sur un autre support ou de les transmettre \u00e0 un autre syst\u00e8me d\u2019information pour leur r\u00e9utilisation.<\/p>\n<p dir=\"ltr\">Pour ce faire vous pouvez utiliser le mod\u00e8le de courrier propos\u00e9 par la Commission Nationale de l\u2019Informatique et des Libert\u00e9s : https:\/\/www.cnil.fr\/fr\/modele\/courrier\/exercer-son-droit-dacces.<\/p>\n<h3>9.5\u00b0 Le droit \u00e0 la suppression des donn\u00e9es<\/h3>\n<p dir=\"ltr\">La l\u00e9gislation relative aux donn\u00e9es personnelles vos permet de demander la suppression de toutes vos donn\u00e9es qui ont \u00e9t\u00e9 enregistr\u00e9es sur le site Internet https:\/\/bambino-pedago.fr de Et Compagnie.<\/p>\n<p dir=\"ltr\">Pour ce faire vous pouvez utiliser le mod\u00e8le de courrier propos\u00e9 par la Commission Nationale de l\u2019Informatique et des Libert\u00e9s : https:\/\/www.cnil.fr\/fr\/modele\/courrier\/supprimer-des-informations-vous-concernant-dun-site-internet.<\/p>\n<h3>9.6\u00b0 Le traitement de vos demandes<\/h3>\n<p dir=\"ltr\">et compagnie s\u2019engage \u00e0 r\u00e9pondre \u00e0 vos demandes relatives aux donn\u00e9es personnelles dans un laps de temps raisonnable qui ne saurait exc\u00e9der 1 mois \u00e0 compter de la r\u00e9ception de celles-ci.<\/p>\n<p dir=\"ltr\">et compagnie se r\u00e9serve le droit de refuser les demandes relatives aux donn\u00e9es se caract\u00e9risant soit par une intention manifestement malveillante, soit par un caract\u00e8re r\u00e9p\u00e9titif et abusif.<\/p>\n<h3>9.7\u00b0 La responsable des donn\u00e9es personnelles<\/h3>\n<p dir=\"ltr\">Pour toutes les questions relatives aux donn\u00e9es personnelles il faut prendre contact avec :<br \/>\nMme Catherine SELO<br \/>\nE-mail : catherine@commedesentrepreneuses.fr<br \/>\nT\u00e9l\u00e9phone : 06 12 96 28 59<\/p>\n","protected":false},"excerpt":{"rendered":"<p>La politique de confidentialit\u00e9 a pour objectif de vous pr\u00e9senter la fa\u00e7on dont et compagnie utilise, g\u00e8re et prot\u00e8ge les informations personnelles que vous avez pu transmettre \u00e0 l\u2019entreprise dans le cadre de l\u2019utilisation de son site Internet : https:\/\/bambino-pedago.fr. Cette politique de confidentialit\u00e9 est bas\u00e9e sur les obligations de l\u2019\u00e9diteur du site Internet, telles [&hellip;]<\/p>\n","protected":false},"author":1,"featured_media":0,"parent":0,"menu_order":0,"comment_status":"closed","ping_status":"open","template":"","meta":{"footnotes":""},"class_list":["post-3","page","type-page","status-publish","hentry"],"yoast_head":"<!-- This site is optimized with the Yoast SEO plugin v25.3.1 - https:\/\/yoast.com\/wordpress\/plugins\/seo\/ -->\n<title>Politique de confidentialit\u00e9 - Bambino<\/title>\n<meta name=\"robots\" content=\"index, follow, max-snippet:-1, max-image-preview:large, max-video-preview:-1\" \/>\n<link rel=\"canonical\" href=\"https:\/\/bambino-pedago.fr\/index.php\/politique-de-confidentialite\/\" \/>\n<meta property=\"og:locale\" content=\"fr_FR\" \/>\n<meta property=\"og:type\" content=\"article\" \/>\n<meta property=\"og:title\" content=\"Politique de confidentialit\u00e9 - Bambino\" \/>\n<meta property=\"og:description\" content=\"La politique de confidentialit\u00e9 a pour objectif de vous pr\u00e9senter la fa\u00e7on dont et compagnie utilise, g\u00e8re et prot\u00e8ge les informations personnelles que vous avez pu transmettre \u00e0 l\u2019entreprise dans le cadre de l\u2019utilisation de son site Internet : https:\/\/bambino-pedago.fr. Cette politique de confidentialit\u00e9 est bas\u00e9e sur les obligations de l\u2019\u00e9diteur du site Internet, telles [&hellip;]\" \/>\n<meta property=\"og:url\" content=\"https:\/\/bambino-pedago.fr\/index.php\/politique-de-confidentialite\/\" \/>\n<meta property=\"og:site_name\" content=\"Bambino\" \/>\n<meta property=\"article:modified_time\" content=\"2025-05-28T10:49:35+00:00\" \/>\n<meta name=\"twitter:card\" content=\"summary_large_image\" \/>\n<meta name=\"twitter:label1\" content=\"Dur\u00e9e de lecture estim\u00e9e\" \/>\n\t<meta name=\"twitter:data1\" content=\"7 minutes\" \/>\n<script type=\"application\/ld+json\" class=\"yoast-schema-graph\">{\"@context\":\"https:\/\/schema.org\",\"@graph\":[{\"@type\":\"WebPage\",\"@id\":\"https:\/\/bambino-pedago.fr\/index.php\/politique-de-confidentialite\/\",\"url\":\"https:\/\/bambino-pedago.fr\/index.php\/politique-de-confidentialite\/\",\"name\":\"Politique de confidentialit\u00e9 - Bambino\",\"isPartOf\":{\"@id\":\"https:\/\/bambino-pedago.fr\/#website\"},\"datePublished\":\"2025-05-12T08:31:31+00:00\",\"dateModified\":\"2025-05-28T10:49:35+00:00\",\"breadcrumb\":{\"@id\":\"https:\/\/bambino-pedago.fr\/index.php\/politique-de-confidentialite\/#breadcrumb\"},\"inLanguage\":\"fr-FR\",\"potentialAction\":[{\"@type\":\"ReadAction\",\"target\":[\"https:\/\/bambino-pedago.fr\/index.php\/politique-de-confidentialite\/\"]}]},{\"@type\":\"BreadcrumbList\",\"@id\":\"https:\/\/bambino-pedago.fr\/index.php\/politique-de-confidentialite\/#breadcrumb\",\"itemListElement\":[{\"@type\":\"ListItem\",\"position\":1,\"name\":\"Accueil\",\"item\":\"https:\/\/bambino-pedago.fr\/\"},{\"@type\":\"ListItem\",\"position\":2,\"name\":\"Politique de confidentialit\u00e9\"}]},{\"@type\":\"WebSite\",\"@id\":\"https:\/\/bambino-pedago.fr\/#website\",\"url\":\"https:\/\/bambino-pedago.fr\/\",\"name\":\"Bambino, la communication qui parle aux enfants\",\"description\":\"La communication qui parle aux enfants\",\"publisher\":{\"@id\":\"https:\/\/bambino-pedago.fr\/#organization\"},\"potentialAction\":[{\"@type\":\"SearchAction\",\"target\":{\"@type\":\"EntryPoint\",\"urlTemplate\":\"https:\/\/bambino-pedago.fr\/?s={search_term_string}\"},\"query-input\":{\"@type\":\"PropertyValueSpecification\",\"valueRequired\":true,\"valueName\":\"search_term_string\"}}],\"inLanguage\":\"fr-FR\"},{\"@type\":\"Organization\",\"@id\":\"https:\/\/bambino-pedago.fr\/#organization\",\"name\":\"Bambino\",\"url\":\"https:\/\/bambino-pedago.fr\/\",\"logo\":{\"@type\":\"ImageObject\",\"inLanguage\":\"fr-FR\",\"@id\":\"https:\/\/bambino-pedago.fr\/#\/schema\/logo\/image\/\",\"url\":\"https:\/\/bambino-pedago.fr\/wp-content\/uploads\/2025\/05\/cropped-icone-bambino.png\",\"contentUrl\":\"https:\/\/bambino-pedago.fr\/wp-content\/uploads\/2025\/05\/cropped-icone-bambino.png\",\"width\":512,\"height\":512,\"caption\":\"Bambino\"},\"image\":{\"@id\":\"https:\/\/bambino-pedago.fr\/#\/schema\/logo\/image\/\"}}]}<\/script>\n<!-- \/ Yoast SEO plugin. -->","yoast_head_json":{"title":"Politique de confidentialit\u00e9 - Bambino","robots":{"index":"index","follow":"follow","max-snippet":"max-snippet:-1","max-image-preview":"max-image-preview:large","max-video-preview":"max-video-preview:-1"},"canonical":"https:\/\/bambino-pedago.fr\/index.php\/politique-de-confidentialite\/","og_locale":"fr_FR","og_type":"article","og_title":"Politique de confidentialit\u00e9 - Bambino","og_description":"La politique de confidentialit\u00e9 a pour objectif de vous pr\u00e9senter la fa\u00e7on dont et compagnie utilise, g\u00e8re et prot\u00e8ge les informations personnelles que vous avez pu transmettre \u00e0 l\u2019entreprise dans le cadre de l\u2019utilisation de son site Internet : https:\/\/bambino-pedago.fr. Cette politique de confidentialit\u00e9 est bas\u00e9e sur les obligations de l\u2019\u00e9diteur du site Internet, telles [&hellip;]","og_url":"https:\/\/bambino-pedago.fr\/index.php\/politique-de-confidentialite\/","og_site_name":"Bambino","article_modified_time":"2025-05-28T10:49:35+00:00","twitter_card":"summary_large_image","twitter_misc":{"Dur\u00e9e de lecture estim\u00e9e":"7 minutes"},"schema":{"@context":"https:\/\/schema.org","@graph":[{"@type":"WebPage","@id":"https:\/\/bambino-pedago.fr\/index.php\/politique-de-confidentialite\/","url":"https:\/\/bambino-pedago.fr\/index.php\/politique-de-confidentialite\/","name":"Politique de confidentialit\u00e9 - Bambino","isPartOf":{"@id":"https:\/\/bambino-pedago.fr\/#website"},"datePublished":"2025-05-12T08:31:31+00:00","dateModified":"2025-05-28T10:49:35+00:00","breadcrumb":{"@id":"https:\/\/bambino-pedago.fr\/index.php\/politique-de-confidentialite\/#breadcrumb"},"inLanguage":"fr-FR","potentialAction":[{"@type":"ReadAction","target":["https:\/\/bambino-pedago.fr\/index.php\/politique-de-confidentialite\/"]}]},{"@type":"BreadcrumbList","@id":"https:\/\/bambino-pedago.fr\/index.php\/politique-de-confidentialite\/#breadcrumb","itemListElement":[{"@type":"ListItem","position":1,"name":"Accueil","item":"https:\/\/bambino-pedago.fr\/"},{"@type":"ListItem","position":2,"name":"Politique de confidentialit\u00e9"}]},{"@type":"WebSite","@id":"https:\/\/bambino-pedago.fr\/#website","url":"https:\/\/bambino-pedago.fr\/","name":"Bambino, la communication qui parle aux enfants","description":"La communication qui parle aux enfants","publisher":{"@id":"https:\/\/bambino-pedago.fr\/#organization"},"potentialAction":[{"@type":"SearchAction","target":{"@type":"EntryPoint","urlTemplate":"https:\/\/bambino-pedago.fr\/?s={search_term_string}"},"query-input":{"@type":"PropertyValueSpecification","valueRequired":true,"valueName":"search_term_string"}}],"inLanguage":"fr-FR"},{"@type":"Organization","@id":"https:\/\/bambino-pedago.fr\/#organization","name":"Bambino","url":"https:\/\/bambino-pedago.fr\/","logo":{"@type":"ImageObject","inLanguage":"fr-FR","@id":"https:\/\/bambino-pedago.fr\/#\/schema\/logo\/image\/","url":"https:\/\/bambino-pedago.fr\/wp-content\/uploads\/2025\/05\/cropped-icone-bambino.png","contentUrl":"https:\/\/bambino-pedago.fr\/wp-content\/uploads\/2025\/05\/cropped-icone-bambino.png","width":512,"height":512,"caption":"Bambino"},"image":{"@id":"https:\/\/bambino-pedago.fr\/#\/schema\/logo\/image\/"}}]}},"_links":{"self":[{"href":"https:\/\/bambino-pedago.fr\/index.php\/wp-json\/wp\/v2\/pages\/3","targetHints":{"allow":["GET"]}}],"collection":[{"href":"https:\/\/bambino-pedago.fr\/index.php\/wp-json\/wp\/v2\/pages"}],"about":[{"href":"https:\/\/bambino-pedago.fr\/index.php\/wp-json\/wp\/v2\/types\/page"}],"author":[{"embeddable":true,"href":"https:\/\/bambino-pedago.fr\/index.php\/wp-json\/wp\/v2\/users\/1"}],"replies":[{"embeddable":true,"href":"https:\/\/bambino-pedago.fr\/index.php\/wp-json\/wp\/v2\/comments?post=3"}],"version-history":[{"count":5,"href":"https:\/\/bambino-pedago.fr\/index.php\/wp-json\/wp\/v2\/pages\/3\/revisions"}],"predecessor-version":[{"id":415,"href":"https:\/\/bambino-pedago.fr\/index.php\/wp-json\/wp\/v2\/pages\/3\/revisions\/415"}],"wp:attachment":[{"href":"https:\/\/bambino-pedago.fr\/index.php\/wp-json\/wp\/v2\/media?parent=3"}],"curies":[{"name":"wp","href":"https:\/\/api.w.org\/{rel}","templated":true}]}}